{"id":935,"date":"2016-07-21T02:04:39","date_gmt":"2016-07-21T01:04:39","guid":{"rendered":"https:\/\/kelvisar.si\/?page_id=935"},"modified":"2026-01-07T13:26:02","modified_gmt":"2026-01-07T12:26:02","slug":"contact-us","status":"publish","type":"page","link":"https:\/\/kelvisar.si\/en\/contact-us\/","title":{"rendered":"Contact us"},"content":{"rendered":"<div class=\"wpb-content-wrapper\"><p>[vc_row][vc_column][vc_message icon_fontawesome=&#8221;far fa-check-circle&#8221; css=&#8221;.vc_custom_1767788570678{padding-bottom: 20px !important;}&#8221; css_params=&#8221;&#8221;]Our reputation for excellence stems from a genuine passion for building great and beautiful structures. That is why we love talking about it with like-minded people. If you would like to book a consultation or have a conversation regarding an upcoming project, please contact us.[\/vc_message][\/vc_column][\/vc_row][vc_row el_class=&#8221;mb-5&#8243;][vc_column animation_delay=&#8221;1200&#8243; offset=&#8221;vc_col-md-6&#8243; animation_type=&#8221;fadeInUp&#8221;][vc_row_inner][vc_column_inner el_class=&#8221;col-auto&#8221; width=&#8221;1\/2&#8243;][vc_custom_heading text=&#8221;Call us:&#8221; font_container=&#8221;tag:h4|font_size:.9em|text_align:left|color:%23969696&#8243; use_theme_fonts=&#8221;yes&#8221; text_transform=&#8221;text-uppercase&#8221; font_weight=&#8221;500&#8243; letter_spacing=&#8221;2.5px&#8221; el_class=&#8221;mb-1&#8243; css_params=&#8221;&#8221;]<div class=\"porto-sicon-box mb-2  wpb_custom_69541c7bb065189a70adbfda6a6ef40d style_1 default-icon\"><div class=\"porto-sicon-default\"><div class=\"porto-just-icon-wrapper porto-sicon-img  porto-icon-9f5d1cfb45d27d96b50bf473aebba227\" style=\"font-size: 23px;margin-right:8px;\"><img loading=\"lazy\" decoding=\"async\" class=\"img-icon\" alt=\"\" src=\"\/\/sw-themes.com\/porto_dummy\/wp-content\/uploads\/images\/construction\/call.svg\" width=\"23\" height=\"23\" \/><\/div><\/div><div class=\"porto-sicon-header\"><a class=\"porto-sicon-box-link\" href=\"tel:#\"><h5 class=\"porto-sicon-title\" style=\"\">040 157 077<\/h5><\/a><\/div> <!-- header --><\/div><!-- porto-sicon-box -->[\/vc_column_inner][vc_column_inner el_class=&#8221;col-auto&#8221; width=&#8221;1\/2&#8243;][vc_custom_heading text=&#8221;Email us:&#8221; font_container=&#8221;tag:h4|font_size:.9em|text_align:left|color:%23969696&#8243; use_theme_fonts=&#8221;yes&#8221; text_transform=&#8221;text-uppercase&#8221; font_weight=&#8221;500&#8243; letter_spacing=&#8221;2.5px&#8221; el_class=&#8221;mb-1&#8243; css_params=&#8221;&#8221;]<div class=\"porto-sicon-box mb-2  wpb_custom_69541c7bb065189a70adbfda6a6ef40d style_1 default-icon\"><div class=\"porto-sicon-default\"><div class=\"porto-just-icon-wrapper porto-sicon-img  porto-icon-9f5d1cfb45d27d96b50bf473aebba227\" style=\"font-size: 23px;margin-right:8px;\"><img loading=\"lazy\" decoding=\"async\" class=\"img-icon\" alt=\"\" src=\"\/\/sw-themes.com\/porto_dummy\/wp-content\/uploads\/images\/construction\/atmark.svg\" width=\"23\" height=\"23\" \/><\/div><\/div><div class=\"porto-sicon-header\"><a class=\"porto-sicon-box-link\" href=\"mailto:porto@portotheme.com\"><h5 class=\"porto-sicon-title\" style=\"\">andraz.kelvisar@gmail.com<\/h5><\/a><\/div> <!-- header --><\/div><!-- porto-sicon-box -->[\/vc_column_inner][\/vc_row_inner][\/vc_column][vc_column animation_delay=&#8221;1600&#8243; offset=&#8221;vc_col-md-6&#8243; animation_type=&#8221;fadeInUp&#8221;][vc_custom_heading text=&#8221;Address:&#8221; font_container=&#8221;tag:h4|font_size:.9em|text_align:left|color:%23969696&#8243; use_theme_fonts=&#8221;yes&#8221; text_transform=&#8221;text-uppercase&#8221; font_weight=&#8221;500&#8243; letter_spacing=&#8221;2.5px&#8221; el_class=&#8221;mb-1&#8243; css_params=&#8221;&#8221;]<div class=\"porto-sicon-box mb-2  wpb_custom_69541c7bb065189a70adbfda6a6ef40d style_1 default-icon\"><div class=\"porto-sicon-default\"><div class=\"porto-just-icon-wrapper porto-icon none\" style=\"color:#222529;font-size:24px;margin-right:8px;\"><i class=\"porto-icon-map-location\"><\/i><\/div><\/div><div class=\"porto-sicon-header\"><h5 class=\"porto-sicon-title\" style=\"\">A\u0161ker\u010deva ulica 5, 1233 Dob<\/h5><\/div> <!-- header --><\/div><!-- porto-sicon-box -->[\/vc_column][\/vc_row][vc_row][vc_column animation_delay=&#8221;1400&#8243; el_class=&#8221;m-b-lg&#8221; offset=&#8221;vc_col-md-6&#8243; animation_type=&#8221;fadeInUp&#8221;][vc_custom_heading text=&#8221;Send us a message.&#8221; font_container=&#8221;tag:h2|font_size:1.8em|text_align:left&#8221; use_theme_fonts=&#8221;yes&#8221; el_class=&#8221;mb-0&#8243; css_params=&#8221;&#8221;][vc_custom_heading text=&#8221;Have a question? Need help?&#8221; font_container=&#8221;tag:p|font_size:1.1em|text_align:left&#8221; use_theme_fonts=&#8221;yes&#8221; font_weight=&#8221;300&#8243; el_class=&#8221;m-b-lg pb-1&#8243; css_params=&#8221;&#8221;]\n<div class=\"wpcf7 no-js\" id=\"wpcf7-f66-o1\" lang=\"en-US\" dir=\"ltr\" data-wpcf7-id=\"66\">\n<div class=\"screen-reader-response\"><p role=\"status\" aria-live=\"polite\" aria-atomic=\"true\"><\/p> <ul><\/ul><\/div>\n<form action=\"\/en\/wp-json\/wp\/v2\/pages\/935#wpcf7-f66-o1\" method=\"post\" class=\"wpcf7-form init\" aria-label=\"Contact form\" novalidate=\"novalidate\" data-status=\"init\">\n<fieldset class=\"hidden-fields-container\"><input type=\"hidden\" name=\"_wpcf7\" value=\"66\" \/><input type=\"hidden\" name=\"_wpcf7_version\" value=\"6.1.2\" \/><input type=\"hidden\" name=\"_wpcf7_locale\" value=\"en_US\" \/><input type=\"hidden\" name=\"_wpcf7_unit_tag\" value=\"wpcf7-f66-o1\" \/><input type=\"hidden\" name=\"_wpcf7_container_post\" value=\"0\" \/><input type=\"hidden\" name=\"_wpcf7_posted_data_hash\" value=\"\" \/>\n<\/fieldset>\n<div class=\"form-group\">\n\t<span class=\"wpcf7-form-control-wrap\" data-name=\"your-name\"><input size=\"40\" maxlength=\"400\" class=\"wpcf7-form-control wpcf7-text wpcf7-validates-as-required form-control\" id=\"contact-name\" aria-required=\"true\" aria-invalid=\"false\" placeholder=\"Your Name\" value=\"\" type=\"text\" name=\"your-name\" \/><\/span>\n<\/div>\n<div class=\"form-group\">\n\t<span class=\"wpcf7-form-control-wrap\" data-name=\"your-email\"><input size=\"40\" maxlength=\"400\" class=\"wpcf7-form-control wpcf7-email wpcf7-validates-as-required wpcf7-text wpcf7-validates-as-email form-control\" id=\"contact-email\" aria-required=\"true\" aria-invalid=\"false\" placeholder=\"Your E-mail Address\" value=\"\" type=\"email\" name=\"your-email\" \/><\/span>\n<\/div>\n<div class=\"form-group\">\n\t<span class=\"wpcf7-form-control-wrap\" data-name=\"your-subject\"><input size=\"40\" maxlength=\"400\" class=\"wpcf7-form-control wpcf7-text form-control\" id=\"contact-subject\" aria-invalid=\"false\" placeholder=\"Subject\" value=\"\" type=\"text\" name=\"your-subject\" \/><\/span>\n<\/div>\n<div class=\"form-group\">\n\t<span class=\"wpcf7-form-control-wrap\" data-name=\"your-message\"><textarea cols=\"40\" rows=\"10\" maxlength=\"2000\" class=\"wpcf7-form-control wpcf7-textarea form-control\" id=\"contact-message\" aria-invalid=\"false\" placeholder=\"Message\" name=\"your-message\"><\/textarea><\/span>\n<\/div>\n<div class=\"form-group\">\n\t<input class=\"wpcf7-form-control wpcf7-submit has-spinner btn btn-primary btn-xl\" type=\"submit\" value=\"Submit\" \/>\n<\/div><p style=\"display: none !important;\" class=\"akismet-fields-container\" data-prefix=\"_wpcf7_ak_\"><label>&#916;<textarea name=\"_wpcf7_ak_hp_textarea\" cols=\"45\" rows=\"8\" maxlength=\"100\"><\/textarea><\/label><input type=\"hidden\" id=\"ak_js_1\" name=\"_wpcf7_ak_js\" value=\"79\"\/><script>document.getElementById( \"ak_js_1\" ).setAttribute( \"value\", ( new Date() ).getTime() );<\/script><\/p><div class=\"wpcf7-response-output\" aria-hidden=\"true\"><\/div>\n<\/form>\n<\/div>\n[\/vc_column][vc_column animation_delay=&#8221;1800&#8243; offset=&#8221;vc_col-md-6&#8243; animation_type=&#8221;fadeInUp&#8221;][vc_custom_heading text=&#8221;Company details&#8221; font_container=&#8221;tag:h2|font_size:1.8em|text_align:left&#8221; use_theme_fonts=&#8221;yes&#8221; el_class=&#8221;mb-0&#8243; css_params=&#8221;&#8221;][vc_custom_heading text=&#8221;Company ID&#8221; font_container=&#8221;tag:p|font_size:1.1em|text_align:left&#8221; use_theme_fonts=&#8221;yes&#8221; font_weight=&#8221;300&#8243; el_class=&#8221;m-b-lg pb-1&#8243; css_params=&#8221;&#8221;][vc_column_text css=&#8221;&#8221; css_params=&#8221;&#8221;]<strong>KELVI\u0160AR, Andra\u017e Kelvi\u0161ar s.p.,<\/strong><br \/>\nA\u0161ker\u010deva ulica 5,<br \/>\n1233 Dob<\/p>\n<p><strong>VAT:<\/strong> 82060754<br \/>\n<strong>Registration number:<\/strong> 9852204000<\/p>\n<p><strong>IBAN:<\/strong> SI56 0284 3026 6355 196[\/vc_column_text][\/vc_column][\/vc_row]<\/p>\n<\/div>","protected":false},"excerpt":{"rendered":"<p>[vc_row][vc_column][vc_message icon_fontawesome=&#8221;far fa-check-circle&#8221; css=&#8221;.vc_custom_1767788570678{padding-bottom: 20px !important;}&#8221; css_params=&#8221;&#8221;]Our reputation for excellence stems from a genuine passion for building great and beautiful structures. That is why we love talking about it with like-minded people. If you would like to book a consultation or have a conversation regarding an upcoming project, please contact us.[\/vc_message][\/vc_column][\/vc_row][vc_row el_class=&#8221;mb-5&#8243;][vc_column animation_delay=&#8221;1200&#8243; offset=&#8221;vc_col-md-6&#8243; animation_type=&#8221;fadeInUp&#8221;][vc_row_inner][vc_column_inner [&hellip;]<\/p>\n","protected":false},"author":1,"featured_media":0,"parent":0,"menu_order":0,"comment_status":"closed","ping_status":"closed","template":"","meta":{"content-type":"","footnotes":""},"class_list":["post-935","page","type-page","status-publish","hentry"],"_links":{"self":[{"href":"https:\/\/kelvisar.si\/en\/wp-json\/wp\/v2\/pages\/935","targetHints":{"allow":["GET"]}}],"collection":[{"href":"https:\/\/kelvisar.si\/en\/wp-json\/wp\/v2\/pages"}],"about":[{"href":"https:\/\/kelvisar.si\/en\/wp-json\/wp\/v2\/types\/page"}],"author":[{"embeddable":true,"href":"https:\/\/kelvisar.si\/en\/wp-json\/wp\/v2\/users\/1"}],"replies":[{"embeddable":true,"href":"https:\/\/kelvisar.si\/en\/wp-json\/wp\/v2\/comments?post=935"}],"version-history":[{"count":4,"href":"https:\/\/kelvisar.si\/en\/wp-json\/wp\/v2\/pages\/935\/revisions"}],"predecessor-version":[{"id":939,"href":"https:\/\/kelvisar.si\/en\/wp-json\/wp\/v2\/pages\/935\/revisions\/939"}],"wp:attachment":[{"href":"https:\/\/kelvisar.si\/en\/wp-json\/wp\/v2\/media?parent=935"}],"curies":[{"name":"wp","href":"https:\/\/api.w.org\/{rel}","templated":true}]}}